{"id":69,"date":"2020-01-27T08:05:29","date_gmt":"2020-01-27T08:05:29","guid":{"rendered":"https:\/\/demosites.io\/web-agency-gb\/?page_id=69"},"modified":"2020-08-19T07:04:31","modified_gmt":"2020-08-19T07:04:31","slug":"branding","status":"publish","type":"page","link":"https:\/\/artgavidia.com\/es\/portfolio\/branding\/","title":{"rendered":"Branding"},"content":{"rendered":"<div class=\"wp-block-themeisle-blocks-advanced-columns alignfull has-1-columns has-desktop-equal-layout has-tablet-equal-layout has-mobile-equal-layout has-wide-gap has-vertical-center\" id=\"wp-block-themeisle-blocks-advanced-columns-b98a6c53\"><div class=\"wp-block-themeisle-blocks-advanced-columns-overlay\"><\/div><div class=\"innerblocks-wrap\">\n<div class=\"wp-block-themeisle-blocks-advanced-column\" id=\"wp-block-themeisle-blocks-advanced-column-4b576f39\">\n<div class=\"wp-block-themeisle-blocks-service\">\n<h1 id=\"wp-block-themeisle-blocks-advanced-heading-9e80ef95\" class=\"wp-block-themeisle-blocks-advanced-heading wp-block-themeisle-blocks-advanced-heading-9e80ef95\">Branding<\/h1>\n<\/div>\n<\/div>\n<\/div><\/div>\n\n\n\n<div class=\"wp-block-themeisle-blocks-advanced-columns alignfull has-2-columns has-desktop-equal-layout has-tablet-equal-layout has-mobile-collapsedRows-layout has-nogap-gap has-vertical-center\" id=\"wp-block-themeisle-blocks-advanced-columns-b7f9d519\"><div class=\"wp-block-themeisle-blocks-advanced-columns-overlay\"><\/div><div class=\"innerblocks-wrap\">\n<div class=\"wp-block-themeisle-blocks-advanced-column\" id=\"wp-block-themeisle-blocks-advanced-column-29b48891\">\n<figure class=\"wp-block-image size-large is-style-default\"><a href=\"https:\/\/artgavidia.com\/es\/portfolio\/branding\/stover\/\"><img loading=\"lazy\" decoding=\"async\" width=\"1024\" height=\"1024\" src=\"http:\/\/artgavidia.com\/wp-content\/uploads\/2020\/08\/xample_1-1024x1024.jpg\" alt=\"\" class=\"wp-image-478\" srcset=\"https:\/\/artgavidia.com\/wp-content\/uploads\/2020\/08\/xample_1-1024x1024.jpg 1024w, https:\/\/artgavidia.com\/wp-content\/uploads\/2020\/08\/xample_1-300x300.jpg 300w, https:\/\/artgavidia.com\/wp-content\/uploads\/2020\/08\/xample_1-150x150.jpg 150w, https:\/\/artgavidia.com\/wp-content\/uploads\/2020\/08\/xample_1-768x768.jpg 768w, https:\/\/artgavidia.com\/wp-content\/uploads\/2020\/08\/xample_1-1536x1536.jpg 1536w, https:\/\/artgavidia.com\/wp-content\/uploads\/2020\/08\/xample_1-2048x2048.jpg 2048w\" sizes=\"auto, (max-width: 1024px) 100vw, 1024px\" \/><\/a><\/figure>\n\n\n\n<h3 class=\"has-text-align-center wp-block-heading\">Stover Animal Rescue<\/h3>\n\n\n\n<p class=\"has-text-align-center\">Refugio de Animales en Stover- Missouri<\/p>\n\n\n\n<div class=\"wp-block-button aligncenter is-style-fill\"><a class=\"wp-block-button__link has-white-color has-text-color has-background no-border-radius\" href=\"https:\/\/artgavidia.com\/es\/portfolio\/branding\/stover\/\" style=\"background-color:#18191d\">Detalles del proyecto<\/a><\/div>\n<\/div>\n\n\n\n<div class=\"wp-block-themeisle-blocks-advanced-column ticss-44eccd86\" id=\"wp-block-themeisle-blocks-advanced-column-99efd06b\">\n<figure class=\"wp-block-image size-large is-style-default\"><a href=\"https:\/\/artgavidia.com\/es\/portfolio\/branding\/branding-galera\/\"><img loading=\"lazy\" decoding=\"async\" width=\"1024\" height=\"1024\" src=\"http:\/\/artgavidia.com\/wp-content\/uploads\/2020\/08\/Artboard-10-1024x1024.png\" alt=\"\" class=\"wp-image-476\" srcset=\"https:\/\/artgavidia.com\/wp-content\/uploads\/2020\/08\/Artboard-10-1024x1024.png 1024w, https:\/\/artgavidia.com\/wp-content\/uploads\/2020\/08\/Artboard-10-300x300.png 300w, https:\/\/artgavidia.com\/wp-content\/uploads\/2020\/08\/Artboard-10-150x150.png 150w, https:\/\/artgavidia.com\/wp-content\/uploads\/2020\/08\/Artboard-10-768x768.png 768w, https:\/\/artgavidia.com\/wp-content\/uploads\/2020\/08\/Artboard-10-1536x1536.png 1536w, https:\/\/artgavidia.com\/wp-content\/uploads\/2020\/08\/Artboard-10-2048x2048.png 2048w\" sizes=\"auto, (max-width: 1024px) 100vw, 1024px\" \/><\/a><\/figure>\n\n\n\n<h3 class=\"has-text-align-center wp-block-heading\">Galera<\/h3>\n\n\n\n<p class=\"has-text-align-center\">Compa\u00f1ia en Chubut Argentina dedicada a reciclar madera para creaci\u00f3n de Pellets de Madera.<\/p>\n\n\n\n<div class=\"wp-block-button aligncenter is-style-fill\"><a class=\"wp-block-button__link has-white-color has-text-color has-background no-border-radius\" href=\"https:\/\/artgavidia.com\/es\/portfolio\/branding\/branding-galera\/\" style=\"background-color:#18191d\">Detalles del proyecto<\/a><\/div>\n<\/div>\n<\/div><\/div>\n\n\n\n<div class=\"wp-block-themeisle-blocks-advanced-columns alignfull has-2-columns has-desktop-equal-layout has-tablet-equal-layout has-mobile-collapsedRows-layout has-nogap-gap has-vertical-center\" id=\"wp-block-themeisle-blocks-advanced-columns-53888f88\"><div class=\"wp-block-themeisle-blocks-advanced-columns-overlay\"><\/div><div class=\"innerblocks-wrap\">\n<div class=\"wp-block-themeisle-blocks-advanced-column\" id=\"wp-block-themeisle-blocks-advanced-column-d8397daf\">\n<figure class=\"wp-block-image size-large is-style-default\"><a href=\"https:\/\/artgavidia.com\/es\/portfolio\/branding\/larou\/\"><img loading=\"lazy\" decoding=\"async\" width=\"1024\" height=\"1024\" src=\"http:\/\/artgavidia.com\/wp-content\/uploads\/2020\/08\/DSC_5557sq-1024x1024.jpg\" alt=\"\" class=\"wp-image-477\" srcset=\"https:\/\/artgavidia.com\/wp-content\/uploads\/2020\/08\/DSC_5557sq-1024x1024.jpg 1024w, https:\/\/artgavidia.com\/wp-content\/uploads\/2020\/08\/DSC_5557sq-300x300.jpg 300w, https:\/\/artgavidia.com\/wp-content\/uploads\/2020\/08\/DSC_5557sq-150x150.jpg 150w, https:\/\/artgavidia.com\/wp-content\/uploads\/2020\/08\/DSC_5557sq-768x768.jpg 768w, https:\/\/artgavidia.com\/wp-content\/uploads\/2020\/08\/DSC_5557sq-1536x1536.jpg 1536w, https:\/\/artgavidia.com\/wp-content\/uploads\/2020\/08\/DSC_5557sq.jpg 1648w\" sizes=\"auto, (max-width: 1024px) 100vw, 1024px\" \/><\/a><\/figure>\n\n\n\n<h3 class=\"has-text-align-center has-black-color has-text-color wp-block-heading\">Larou<\/h3>\n\n\n\n<p class=\"has-text-align-center has-black-color has-text-color\">Emprendimiento Personal. tienda online dedicada a la venta de regalos ecoamigables pensadas en el bienestar del usuario.<\/p>\n\n\n\n<div class=\"wp-block-button aligncenter is-style-fill\"><a class=\"wp-block-button__link has-white-color has-black-background-color has-text-color has-background no-border-radius\" href=\"https:\/\/artgavidia.com\/es\/portfolio\/branding\/larou\/\">Detalles del proyecto<\/a><\/div>\n<\/div>\n\n\n\n<div class=\"wp-block-themeisle-blocks-advanced-column ticss-44eccd86\" id=\"wp-block-themeisle-blocks-advanced-column-fb1cb547\">\n<figure class=\"wp-block-image size-large is-style-default\"><a href=\"https:\/\/artgavidia.com\/es\/portfolio\/branding\/branding-dr-gavidia\/\"><img loading=\"lazy\" decoding=\"async\" width=\"1024\" height=\"1024\" src=\"http:\/\/artgavidia.com\/wp-content\/uploads\/2020\/08\/demo0-1-1024x1024.png\" alt=\"\" class=\"wp-image-475\" srcset=\"https:\/\/artgavidia.com\/wp-content\/uploads\/2020\/08\/demo0-1-1024x1024.png 1024w, https:\/\/artgavidia.com\/wp-content\/uploads\/2020\/08\/demo0-1-300x300.png 300w, https:\/\/artgavidia.com\/wp-content\/uploads\/2020\/08\/demo0-1-150x150.png 150w, https:\/\/artgavidia.com\/wp-content\/uploads\/2020\/08\/demo0-1-768x768.png 768w, https:\/\/artgavidia.com\/wp-content\/uploads\/2020\/08\/demo0-1.png 1200w\" sizes=\"auto, (max-width: 1024px) 100vw, 1024px\" \/><\/a><\/figure>\n\n\n\n<h3 class=\"has-text-align-center wp-block-heading\">Dr Gavidia<\/h3>\n\n\n\n<p class=\"has-text-align-center has-black-color has-text-color\">Cirujano local especializado en el tratamiento de V\u00e1rices y P\u00ede diab\u00e9tico<\/p>\n\n\n\n<div class=\"wp-block-button aligncenter is-style-fill\"><a class=\"wp-block-button__link has-white-color has-black-background-color has-text-color has-background no-border-radius\" href=\"https:\/\/artgavidia.com\/es\/portfolio\/branding\/branding-dr-gavidia\/\">Detalles del proyecto<\/a><\/div>\n<\/div>\n<\/div><\/div>","protected":false},"excerpt":{"rendered":"","protected":false},"author":1,"featured_media":0,"parent":231,"menu_order":0,"comment_status":"closed","ping_status":"closed","template":"","meta":{"neve_meta_sidebar":"full-width","neve_meta_container":"","neve_meta_enable_content_width":"on","neve_meta_content_width":100,"neve_meta_title_alignment":"","neve_meta_author_avatar":"","neve_post_elements_order":"","neve_meta_disable_header":"","neve_meta_disable_footer":"","neve_meta_disable_title":"on","_themeisle_gutenberg_block_has_review":false,"_ti_tpc_template_sync":false,"_ti_tpc_template_id":"","footnotes":""},"class_list":["post-69","page","type-page","status-publish","hentry"],"_links":{"self":[{"href":"https:\/\/artgavidia.com\/es\/wp-json\/wp\/v2\/pages\/69","targetHints":{"allow":["GET"]}}],"collection":[{"href":"https:\/\/artgavidia.com\/es\/wp-json\/wp\/v2\/pages"}],"about":[{"href":"https:\/\/artgavidia.com\/es\/wp-json\/wp\/v2\/types\/page"}],"author":[{"embeddable":true,"href":"https:\/\/artgavidia.com\/es\/wp-json\/wp\/v2\/users\/1"}],"replies":[{"embeddable":true,"href":"https:\/\/artgavidia.com\/es\/wp-json\/wp\/v2\/comments?post=69"}],"version-history":[{"count":7,"href":"https:\/\/artgavidia.com\/es\/wp-json\/wp\/v2\/pages\/69\/revisions"}],"predecessor-version":[{"id":590,"href":"https:\/\/artgavidia.com\/es\/wp-json\/wp\/v2\/pages\/69\/revisions\/590"}],"up":[{"embeddable":true,"href":"https:\/\/artgavidia.com\/es\/wp-json\/wp\/v2\/pages\/231"}],"wp:attachment":[{"href":"https:\/\/artgavidia.com\/es\/wp-json\/wp\/v2\/media?parent=69"}],"curies":[{"name":"wp","href":"https:\/\/api.w.org\/{rel}","templated":true}]}}